{"id":4892,"date":"2020-03-14T12:29:40","date_gmt":"2020-03-14T09:29:40","guid":{"rendered":"https:\/\/www.tanexlabel.com\/en\/?page_id=4892"},"modified":"2020-03-14T12:31:40","modified_gmt":"2020-03-14T09:31:40","slug":"continuous-form-labels","status":"publish","type":"page","link":"https:\/\/www.tanexlabel.com\/en\/labels\/continuous-form-labels\/","title":{"rendered":"CONTINUOUS FORM LABELS"},"content":{"rendered":"<\/div><\/div><\/div><!-- close content main div --><\/div><\/div><div id='av_section_1' class='avia-section main_color avia-section-default avia-no-shadow avia-bg-style-scroll   container_wrap sidebar_right' style = 'background-color: #f0f2f5; '  ><div class='container' ><div class='template-page content  av-content-small alpha units'><div class='post-entry post-entry-type-page post-entry-4892'><div class='entry-content-wrapper clearfix'>\n<div class=\"flex_column av_one_fourth  flex_column_div av-zero-column-padding first  \" style='background-color:#ffffff; border-radius:0px; '><p><div class='avia-image-container  av-styling-    avia-align-center '  itemprop=\"ImageObject\" itemscope=\"itemscope\" itemtype=\"https:\/\/schema.org\/ImageObject\"  ><div class='avia-image-container-inner'><a href=\"https:\/\/www.tanexlabel.com\/wp-content\/uploads\/2018\/09\/TN-0010-01.jpg\" class='avia_image'   data-rel=\"lightbox-image-0\" data-rl_title=\"\" data-rl_caption=\"\"><img class='avia_image ' src='https:\/\/www.tanexlabel.com\/wp-content\/uploads\/2018\/09\/TN-0010-01-300x236.jpg' alt='' title=''  itemprop=\"thumbnailUrl\"  \/><\/a><\/div><\/div><br \/>\n<section class=\"av_textblock_section \"  itemscope=\"itemscope\" itemtype=\"https:\/\/schema.org\/CreativeWork\" ><div class='avia_textblock  '   itemprop=\"text\" ><h4 style=\"text-align: center;\"><strong>REF NO :TN-0010<\/strong><\/h4>\n<p style=\"text-align: center;\"><strong>S\u00dcREKL\u0130 FORM ET\u0130KET\u0130<\/strong><\/p>\n<p style=\"text-align: center;\"><strong>\u00d6l\u00e7\u00fc : 35&#215;55 mm<\/strong><\/p>\n<p style=\"text-align: center;\"><strong>2000 Etiket \/ 1 Paket<\/strong><\/p>\n<\/div><\/section><\/p><\/div><div class=\"flex_column av_one_fourth  flex_column_div av-zero-column-padding   \" style='background-color:#ffffff; border-radius:0px; '><p><div class='avia-image-container  av-styling-    avia-align-center '  itemprop=\"ImageObject\" itemscope=\"itemscope\" itemtype=\"https:\/\/schema.org\/ImageObject\"  ><div class='avia-image-container-inner'><a href=\"https:\/\/www.tanexlabel.com\/wp-content\/uploads\/2018\/09\/TN-0011-01.jpg\" class='avia_image'   data-rel=\"lightbox-image-1\" data-rl_title=\"\" data-rl_caption=\"\"><img class='avia_image ' src='https:\/\/www.tanexlabel.com\/wp-content\/uploads\/2018\/09\/TN-0011-01-300x236.jpg' alt='' title=''  itemprop=\"thumbnailUrl\"  \/><\/a><\/div><\/div><br \/>\n<section class=\"av_textblock_section \"  itemscope=\"itemscope\" itemtype=\"https:\/\/schema.org\/CreativeWork\" ><div class='avia_textblock  '   itemprop=\"text\" ><h4 style=\"text-align: center;\"><strong>REF NO : TN-0011<\/strong><\/h4>\n<p style=\"text-align: center;\"><strong>S\u00dcREKL\u0130 FORM ET\u0130KET\u0130<\/strong><\/p>\n<p style=\"text-align: center;\"><strong>\u00d6l\u00e7\u00fc : 20&#215;55<\/strong><strong>\u00a0mm<\/strong><\/p>\n<p style=\"text-align: center;\"><strong>3172 Etiket\/ 1 Paket<\/strong><\/p>\n<\/div><\/section><\/p><\/div><div class=\"flex_column av_one_fourth  flex_column_div av-zero-column-padding   \" style='background-color:#ffffff; border-radius:0px; '><p><div class='avia-image-container  av-styling-    avia-align-center '  itemprop=\"ImageObject\" itemscope=\"itemscope\" itemtype=\"https:\/\/schema.org\/ImageObject\"  ><div class='avia-image-container-inner'><a href=\"https:\/\/www.tanexlabel.com\/wp-content\/uploads\/2018\/09\/TN-0014-01.jpg\" class='avia_image'   data-rel=\"lightbox-image-2\" data-rl_title=\"\" data-rl_caption=\"\"><img class='avia_image ' src='https:\/\/www.tanexlabel.com\/wp-content\/uploads\/2018\/09\/TN-0014-01-300x236.jpg' alt='' title=''  itemprop=\"thumbnailUrl\"  \/><\/a><\/div><\/div><br \/>\n<section class=\"av_textblock_section \"  itemscope=\"itemscope\" itemtype=\"https:\/\/schema.org\/CreativeWork\" ><div class='avia_textblock  '   itemprop=\"text\" ><h4 style=\"text-align: center;\"><strong>REF NO : TN-0022<\/strong><\/h4>\n<p style=\"text-align: center;\"><strong>S\u00dcREKL\u0130 FORM ET\u0130KET\u0130<\/strong><\/p>\n<p style=\"text-align: center;\"><strong>\u00d6l\u00e7\u00fc : 22&#215;55 mm<\/strong><\/p>\n<p style=\"text-align: center;\"><strong>3240 Etiket \/ 1 Paket<\/strong><\/p>\n<\/div><\/section><\/p><\/div><div class=\"flex_column av_one_fourth  flex_column_div av-zero-column-padding   \" style='background-color:#ffffff; border-radius:0px; '><p><div class='avia-image-container  av-styling-    avia-align-center '  itemprop=\"ImageObject\" itemscope=\"itemscope\" itemtype=\"https:\/\/schema.org\/ImageObject\"  ><div class='avia-image-container-inner'><a href=\"https:\/\/www.tanexlabel.com\/wp-content\/uploads\/2018\/09\/TN-0016-01.jpg\" class='avia_image'   data-rel=\"lightbox-image-3\" data-rl_title=\"\" data-rl_caption=\"\"><img class='avia_image ' src='https:\/\/www.tanexlabel.com\/wp-content\/uploads\/2018\/09\/TN-0016-01-300x236.jpg' alt='' title=''  itemprop=\"thumbnailUrl\"  \/><\/a><\/div><\/div><br \/>\n<section class=\"av_textblock_section \"  itemscope=\"itemscope\" itemtype=\"https:\/\/schema.org\/CreativeWork\" ><div class='avia_textblock  '   itemprop=\"text\" ><h4 style=\"text-align: center;\"><strong>REF NO : TN-0016<\/strong><\/h4>\n<p style=\"text-align: center;\"><strong>S\u00dcREKL\u0130 FORM ET\u0130KET\u0130<\/strong><\/p>\n<p style=\"text-align: center;\"><strong>\u00d6l\u00e7\u00fc : 17&#215;25 mm<\/strong><\/p>\n<p style=\"text-align: center;\"><strong>8700 Etiket \/ 1 Paket<\/strong><\/p>\n<\/div><\/section><\/p><\/div><div class=\"flex_column av_one_fourth  flex_column_div av-zero-column-padding first  \" style='background-color:#ffffff; border-radius:0px; '><p><div class='avia-image-container  av-styling-    avia-align-center '  itemprop=\"ImageObject\" itemscope=\"itemscope\" itemtype=\"https:\/\/schema.org\/ImageObject\"  ><div class='avia-image-container-inner'><a href=\"https:\/\/www.tanexlabel.com\/wp-content\/uploads\/2018\/09\/TN-0017-01.jpg\" class='avia_image'   data-rel=\"lightbox-image-4\" data-rl_title=\"\" data-rl_caption=\"\"><img class='avia_image ' src='https:\/\/www.tanexlabel.com\/wp-content\/uploads\/2018\/09\/TN-0017-01-300x236.jpg' alt='' title=''  itemprop=\"thumbnailUrl\"  \/><\/a><\/div><\/div><br \/>\n<section class=\"av_textblock_section \"  itemscope=\"itemscope\" itemtype=\"https:\/\/schema.org\/CreativeWork\" ><div class='avia_textblock  '   itemprop=\"text\" ><h4 style=\"text-align: center;\"><strong>REF NO : TN-0018<\/strong><\/h4>\n<p style=\"text-align: center;\"><strong>S\u00dcREKL\u0130 FORM ET\u0130KET\u0130<\/strong><\/p>\n<p style=\"text-align: center;\"><strong>\u00d6l\u00e7\u00fc : 35&#215;77 mm<\/strong><\/p>\n<p style=\"text-align: center;\"><strong>1500 Etiket \/ 1 Paket<\/strong><\/p>\n<\/div><\/section><\/p><\/div><div class=\"flex_column av_one_fourth  flex_column_div av-zero-column-padding   \" style='background-color:#ffffff; border-radius:0px; '><p><div class='avia-image-container  av-styling-    avia-align-center '  itemprop=\"ImageObject\" itemscope=\"itemscope\" itemtype=\"https:\/\/schema.org\/ImageObject\"  ><div class='avia-image-container-inner'><a href=\"https:\/\/www.tanexlabel.com\/wp-content\/uploads\/2018\/09\/TN-0018-01.jpg\" class='avia_image'   data-rel=\"lightbox-image-5\" data-rl_title=\"\" data-rl_caption=\"\"><img class='avia_image ' src='https:\/\/www.tanexlabel.com\/wp-content\/uploads\/2018\/09\/TN-0018-01-300x236.jpg' alt='' title=''  itemprop=\"thumbnailUrl\"  \/><\/a><\/div><\/div><br \/>\n<section class=\"av_textblock_section \"  itemscope=\"itemscope\" itemtype=\"https:\/\/schema.org\/CreativeWork\" ><div class='avia_textblock  '   itemprop=\"text\" ><h4 style=\"text-align: center;\"><strong>REF NO : TN-0017<\/strong><\/h4>\n<p style=\"text-align: center;\"><strong>S\u00dcREKL\u0130 FORM ET\u0130KET\u0130<\/strong><\/p>\n<p style=\"text-align: center;\"><strong>\u00d6l\u00e7\u00fc : 35&#215;97 mm<\/strong><\/p>\n<p style=\"text-align: center;\"><strong>1250 Etiket \/ 1 Paket<\/strong><\/p>\n<\/div><\/section><\/p><\/div><div class=\"flex_column av_one_fourth  flex_column_div av-zero-column-padding   \" style='background-color:#ffffff; border-radius:0px; '><p><div class='avia-image-container  av-styling-    avia-align-center '  itemprop=\"ImageObject\" itemscope=\"itemscope\" itemtype=\"https:\/\/schema.org\/ImageObject\"  ><div class='avia-image-container-inner'><a href=\"https:\/\/www.tanexlabel.com\/wp-content\/uploads\/2018\/09\/TN-0020-01.jpg\" class='avia_image'   data-rel=\"lightbox-image-6\" data-rl_title=\"\" data-rl_caption=\"\"><img class='avia_image ' src='https:\/\/www.tanexlabel.com\/wp-content\/uploads\/2018\/09\/TN-0020-01-300x236.jpg' alt='' title=''  itemprop=\"thumbnailUrl\"  \/><\/a><\/div><\/div><br \/>\n<section class=\"av_textblock_section \"  itemscope=\"itemscope\" itemtype=\"https:\/\/schema.org\/CreativeWork\" ><div class='avia_textblock  '   itemprop=\"text\" ><h4 style=\"text-align: center;\"><strong>REF NO : TN-0020<\/strong><\/h4>\n<p style=\"text-align: center;\"><strong>S\u00dcREKL\u0130 FORM ET\u0130KET\u0130<\/strong><\/p>\n<p style=\"text-align: center;\"><strong>\u00d6l\u00e7\u00fc : 35X45 mm<\/strong><\/p>\n<p style=\"text-align: center;\"><strong>2496 Etiket \/ 1 Paket<\/strong><\/p>\n<\/div><\/section><\/p><\/div><div class=\"flex_column av_one_fourth  flex_column_div av-zero-column-padding   \" style='background-color:#ffffff; border-radius:0px; '><p><div class='avia-image-container  av-styling-    avia-align-center '  itemprop=\"ImageObject\" itemscope=\"itemscope\" itemtype=\"https:\/\/schema.org\/ImageObject\"  ><div class='avia-image-container-inner'><a href=\"https:\/\/www.tanexlabel.com\/wp-content\/uploads\/2018\/09\/TN-0022-01.jpg\" class='avia_image'   data-rel=\"lightbox-image-7\" data-rl_title=\"\" data-rl_caption=\"\"><img class='avia_image ' src='https:\/\/www.tanexlabel.com\/wp-content\/uploads\/2018\/09\/TN-0022-01-300x236.jpg' alt='' title=''  itemprop=\"thumbnailUrl\"  \/><\/a><\/div><\/div><br \/>\n<section class=\"av_textblock_section \"  itemscope=\"itemscope\" itemtype=\"https:\/\/schema.org\/CreativeWork\" ><div class='avia_textblock  '   itemprop=\"text\" ><h4 style=\"text-align: center;\"><strong>REF NO : TN-0014<\/strong><\/h4>\n<p style=\"text-align: center;\"><strong>S\u00dcREKL\u0130 FORM ET\u0130KET\u0130<\/strong><\/p>\n<p style=\"text-align: center;\"><strong>\u00d6l\u00e7\u00fc : 23X40 mm<\/strong><\/p>\n<p style=\"text-align: center;\"><strong>4320 Etiket \/ 1 Paket<\/strong><\/p>\n<\/div><\/section><\/p><\/div><div class=\"flex_column av_one_fourth  flex_column_div av-zero-column-padding first  \" style='background-color:#ffffff; border-radius:0px; '><p><div class='avia-image-container  av-styling-    avia-align-center '  itemprop=\"ImageObject\" itemscope=\"itemscope\" itemtype=\"https:\/\/schema.org\/ImageObject\"  ><div class='avia-image-container-inner'><a href=\"https:\/\/www.tanexlabel.com\/wp-content\/uploads\/2018\/09\/TN-0023-01.jpg\" class='avia_image'   data-rel=\"lightbox-image-8\" data-rl_title=\"\" data-rl_caption=\"\"><img class='avia_image ' src='https:\/\/www.tanexlabel.com\/wp-content\/uploads\/2018\/09\/TN-0023-01-300x236.jpg' alt='' title=''  itemprop=\"thumbnailUrl\"  \/><\/a><\/div><\/div><br \/>\n<section class=\"av_textblock_section \"  itemscope=\"itemscope\" itemtype=\"https:\/\/schema.org\/CreativeWork\" ><div class='avia_textblock  '   itemprop=\"text\" ><h4 style=\"text-align: center;\"><strong>REF NO : TN-0023<\/strong><\/h4>\n<p style=\"text-align: center;\"><strong>S\u00dcREKL\u0130 FORM ET\u0130KET\u0130<\/strong><\/p>\n<p style=\"text-align: center;\"><strong>\u00d6l\u00e7\u00fc : 10X46 mm<\/strong><\/p>\n<p style=\"text-align: center;\"><strong>7344 Etiket \/ 1 Paket<\/strong><\/p>\n<\/div><\/section><\/p><\/div><div class=\"flex_column av_one_fourth  flex_column_div av-zero-column-padding   \" style='background-color:#ffffff; border-radius:0px; '><p><div class='avia-image-container  av-styling-    avia-align-center '  itemprop=\"ImageObject\" itemscope=\"itemscope\" itemtype=\"https:\/\/schema.org\/ImageObject\"  ><div class='avia-image-container-inner'><a href=\"https:\/\/www.tanexlabel.com\/wp-content\/uploads\/2018\/09\/TN-0024-01.jpg\" class='avia_image'   data-rel=\"lightbox-image-9\" data-rl_title=\"\" data-rl_caption=\"\"><img class='avia_image ' src='https:\/\/www.tanexlabel.com\/wp-content\/uploads\/2018\/09\/TN-0024-01-300x236.jpg' alt='' title=''  itemprop=\"thumbnailUrl\"  \/><\/a><\/div><\/div><br \/>\n<section class=\"av_textblock_section \"  itemscope=\"itemscope\" itemtype=\"https:\/\/schema.org\/CreativeWork\" ><div class='avia_textblock  '   itemprop=\"text\" ><h4 style=\"text-align: center;\"><strong>REF NO : TN-0024<\/strong><\/h4>\n<p style=\"text-align: center;\"><strong>S\u00dcREKL\u0130 FORM ET\u0130KET\u0130<\/strong><\/p>\n<p style=\"text-align: center;\"><strong>\u00d6l\u00e7\u00fc : 64&#215;100 mm<\/strong><\/p>\n<p style=\"text-align: center;\"><strong>555 Etiket \/ 1\u00a0Paket<\/strong><\/p>\n<\/div><\/section><\/p><\/div><div class=\"flex_column av_one_fourth  flex_column_div av-zero-column-padding   \" style='background-color:#ffffff; border-radius:0px; '><p><div class='avia-image-container  av-styling-    avia-align-center '  itemprop=\"ImageObject\" itemscope=\"itemscope\" itemtype=\"https:\/\/schema.org\/ImageObject\"  ><div class='avia-image-container-inner'><a href=\"https:\/\/www.tanexlabel.com\/wp-content\/uploads\/2018\/09\/TN-0026-01.jpg\" class='avia_image'   data-rel=\"lightbox-image-10\" data-rl_title=\"\" data-rl_caption=\"\"><img class='avia_image ' src='https:\/\/www.tanexlabel.com\/wp-content\/uploads\/2018\/09\/TN-0026-01-300x236.jpg' alt='' title=''  itemprop=\"thumbnailUrl\"  \/><\/a><\/div><\/div><br \/>\n<section class=\"av_textblock_section \"  itemscope=\"itemscope\" itemtype=\"https:\/\/schema.org\/CreativeWork\" ><div class='avia_textblock  '   itemprop=\"text\" ><h4 style=\"text-align: center;\"><strong>REF NO : TN-0026<\/strong><\/h4>\n<p style=\"text-align: center;\"><strong>S\u00dcREKL\u0130 FORM ET\u0130KET\u0130<\/strong><\/p>\n<p style=\"text-align: center;\"><strong>\u00d6l\u00e7\u00fc : 48&#215;100 mm<\/strong><\/p>\n<p style=\"text-align: center;\"><strong>804 Etiket \/ 1 Paket<\/strong><\/p>\n<\/div><\/section><\/p><\/div><\/div><\/div><\/div><!-- close content main div --><\/div><\/div><div id='after_section_1' class='main_color av_default_container_wrap container_wrap sidebar_right'   ><div class='container' ><div class='template-page content  av-content-small alpha units'><div class='post-entry post-entry-type-page post-entry-4892'><div class='entry-content-wrapper clearfix'>\n","protected":false},"excerpt":{"rendered":"","protected":false},"author":2,"featured_media":0,"parent":4851,"menu_order":1,"comment_status":"closed","ping_status":"closed","template":"","meta":[],"_links":{"self":[{"href":"https:\/\/www.tanexlabel.com\/en\/wp-json\/wp\/v2\/pages\/4892"}],"collection":[{"href":"https:\/\/www.tanexlabel.com\/en\/wp-json\/wp\/v2\/pages"}],"about":[{"href":"https:\/\/www.tanexlabel.com\/en\/wp-json\/wp\/v2\/types\/page"}],"author":[{"embeddable":true,"href":"https:\/\/www.tanexlabel.com\/en\/wp-json\/wp\/v2\/users\/2"}],"replies":[{"embeddable":true,"href":"https:\/\/www.tanexlabel.com\/en\/wp-json\/wp\/v2\/comments?post=4892"}],"version-history":[{"count":2,"href":"https:\/\/www.tanexlabel.com\/en\/wp-json\/wp\/v2\/pages\/4892\/revisions"}],"predecessor-version":[{"id":4897,"href":"https:\/\/www.tanexlabel.com\/en\/wp-json\/wp\/v2\/pages\/4892\/revisions\/4897"}],"up":[{"embeddable":true,"href":"https:\/\/www.tanexlabel.com\/en\/wp-json\/wp\/v2\/pages\/4851"}],"wp:attachment":[{"href":"https:\/\/www.tanexlabel.com\/en\/wp-json\/wp\/v2\/media?parent=4892"}],"curies":[{"name":"wp","href":"https:\/\/api.w.org\/{rel}","templated":true}]}}