{"id":4888,"date":"2020-03-14T12:26:42","date_gmt":"2020-03-14T09:26:42","guid":{"rendered":"https:\/\/www.tanexlabel.com\/en\/?page_id=4888"},"modified":"2020-03-14T12:26:42","modified_gmt":"2020-03-14T09:26:42","slug":"removable-labels","status":"publish","type":"page","link":"https:\/\/www.tanexlabel.com\/en\/labels\/removable-labels\/","title":{"rendered":"REMOVABLE LABELS"},"content":{"rendered":"<\/div><\/div><\/div><!-- close content main div --><\/div><\/div><div id='av_section_1' class='avia-section main_color avia-section-default avia-no-shadow avia-bg-style-scroll   container_wrap sidebar_right' style = 'background-color: #f0f2f5; '  ><div class='container' ><div class='template-page content  av-content-small alpha units'><div class='post-entry post-entry-type-page post-entry-4888'><div class='entry-content-wrapper clearfix'>\n<div class=\"flex_column av_one_fourth  flex_column_div av-zero-column-padding first  \" style='background-color:#ffffff; border-radius:0px; '><p><div class='avia-image-container  av-styling-    avia-align-center '  itemprop=\"ImageObject\" itemscope=\"itemscope\" itemtype=\"https:\/\/schema.org\/ImageObject\"  ><div class='avia-image-container-inner'><a href=\"https:\/\/www.tanexlabel.com\/wp-content\/uploads\/2018\/08\/TW-2007-01.jpg\" class='avia_image'   data-rel=\"lightbox-image-0\" data-rl_title=\"\" data-rl_caption=\"\"><img class='avia_image ' src='https:\/\/www.tanexlabel.com\/wp-content\/uploads\/2018\/08\/TW-2007-01-300x236.jpg' alt='' title=''  itemprop=\"thumbnailUrl\"  \/><\/a><\/div><\/div><br \/>\n<section class=\"av_textblock_section \"  itemscope=\"itemscope\" itemtype=\"https:\/\/schema.org\/CreativeWork\" ><div class='avia_textblock  '   itemprop=\"text\" ><h4 style=\"text-align: center;\"><strong>REF NO : TW-2007<\/strong><\/h4>\n<p style=\"text-align: center;\"><strong>S\u00d6K\u00dcLEB\u0130L\u0130R LAZER ET\u0130KET\u0130<\/strong><\/p>\n<p style=\"text-align: center;\"><strong>\u00d6l\u00e7\u00fc : 200&#215;37 mm<\/strong><\/p>\n<p style=\"text-align: center;\"><strong>700 Etiket \/ 1 Paket<\/strong><\/p>\n<\/div><\/section><\/p><\/div><div class=\"flex_column av_one_fourth  flex_column_div av-zero-column-padding   \" style='background-color:#ffffff; border-radius:0px; '><p><div class='avia-image-container  av-styling-    avia-align-center '  itemprop=\"ImageObject\" itemscope=\"itemscope\" itemtype=\"https:\/\/schema.org\/ImageObject\"  ><div class='avia-image-container-inner'><a href=\"https:\/\/www.tanexlabel.com\/wp-content\/uploads\/2018\/08\/TW-2324-01.jpg\" class='avia_image'   data-rel=\"lightbox-image-1\" data-rl_title=\"\" data-rl_caption=\"\"><img class='avia_image ' src='https:\/\/www.tanexlabel.com\/wp-content\/uploads\/2018\/08\/TW-2324-01-300x236.jpg' alt='' title=''  itemprop=\"thumbnailUrl\"  \/><\/a><\/div><\/div><br \/>\n<section class=\"av_textblock_section \"  itemscope=\"itemscope\" itemtype=\"https:\/\/schema.org\/CreativeWork\" ><div class='avia_textblock  '   itemprop=\"text\" ><h4 style=\"text-align: center;\"><strong>REF NO : TW-2324<\/strong><\/h4>\n<p style=\"text-align: center;\"><strong>S\u00d6K\u00dcLEB\u0130L\u0130R LAZER ET\u0130KET\u0130<\/strong><\/p>\n<p style=\"text-align: center;\"><strong>\u00d6l\u00e7\u00fc : 70&#215;35<\/strong><strong>\u00a0mm<\/strong><\/p>\n<p style=\"text-align: center;\"><strong>2400 Etiket\/ 1 Paket<\/strong><\/p>\n<\/div><\/section><\/p><\/div><div class=\"flex_column av_one_fourth  flex_column_div av-zero-column-padding   \" style='background-color:#ffffff; border-radius:0px; '><p><div class='avia-image-container  av-styling-    avia-align-center '  itemprop=\"ImageObject\" itemscope=\"itemscope\" itemtype=\"https:\/\/schema.org\/ImageObject\"  ><div class='avia-image-container-inner'><a href=\"https:\/\/www.tanexlabel.com\/wp-content\/uploads\/2018\/08\/TW-2000-01.jpg\" class='avia_image'   data-rel=\"lightbox-image-2\" data-rl_title=\"\" data-rl_caption=\"\"><img class='avia_image ' src='https:\/\/www.tanexlabel.com\/wp-content\/uploads\/2018\/08\/TW-2000-01-300x236.jpg' alt='' title=''  itemprop=\"thumbnailUrl\"  \/><\/a><\/div><\/div><br \/>\n<section class=\"av_textblock_section \"  itemscope=\"itemscope\" itemtype=\"https:\/\/schema.org\/CreativeWork\" ><div class='avia_textblock  '   itemprop=\"text\" ><h4 style=\"text-align: center;\"><strong>REF NO : TW-2000<\/strong><\/h4>\n<p style=\"text-align: center;\"><strong>S\u00d6K\u00dcLEB\u0130L\u0130R LAZER ET\u0130KET\u0130<\/strong><\/p>\n<p style=\"text-align: center;\"><strong>\u00d6l\u00e7\u00fc : 210&#215;297 mm<\/strong><\/p>\n<p style=\"text-align: center;\"><strong>100 Etiket \/ 1 Paket<\/strong><\/p>\n<\/div><\/section><\/p><\/div><\/div><\/div><\/div><!-- close content main div --><\/div><\/div><div id='after_section_1' class='main_color av_default_container_wrap container_wrap sidebar_right'   ><div class='container' ><div class='template-page content  av-content-small alpha units'><div class='post-entry post-entry-type-page post-entry-4888'><div class='entry-content-wrapper clearfix'>\n","protected":false},"excerpt":{"rendered":"","protected":false},"author":2,"featured_media":0,"parent":4851,"menu_order":1,"comment_status":"closed","ping_status":"closed","template":"","meta":[],"_links":{"self":[{"href":"https:\/\/www.tanexlabel.com\/en\/wp-json\/wp\/v2\/pages\/4888"}],"collection":[{"href":"https:\/\/www.tanexlabel.com\/en\/wp-json\/wp\/v2\/pages"}],"about":[{"href":"https:\/\/www.tanexlabel.com\/en\/wp-json\/wp\/v2\/types\/page"}],"author":[{"embeddable":true,"href":"https:\/\/www.tanexlabel.com\/en\/wp-json\/wp\/v2\/users\/2"}],"replies":[{"embeddable":true,"href":"https:\/\/www.tanexlabel.com\/en\/wp-json\/wp\/v2\/comments?post=4888"}],"version-history":[{"count":2,"href":"https:\/\/www.tanexlabel.com\/en\/wp-json\/wp\/v2\/pages\/4888\/revisions"}],"predecessor-version":[{"id":4890,"href":"https:\/\/www.tanexlabel.com\/en\/wp-json\/wp\/v2\/pages\/4888\/revisions\/4890"}],"up":[{"embeddable":true,"href":"https:\/\/www.tanexlabel.com\/en\/wp-json\/wp\/v2\/pages\/4851"}],"wp:attachment":[{"href":"https:\/\/www.tanexlabel.com\/en\/wp-json\/wp\/v2\/media?parent=4888"}],"curies":[{"name":"wp","href":"https:\/\/api.w.org\/{rel}","templated":true}]}}