{"id":4875,"date":"2020-03-14T12:18:17","date_gmt":"2020-03-14T09:18:17","guid":{"rendered":"https:\/\/www.tanexlabel.com\/en\/?page_id=4875"},"modified":"2020-03-14T12:18:17","modified_gmt":"2020-03-14T09:18:17","slug":"coated-a4-labels","status":"publish","type":"page","link":"https:\/\/www.tanexlabel.com\/en\/labels\/coated-a4-labels\/","title":{"rendered":"COATED A4 LABELS"},"content":{"rendered":"<\/div><\/div><\/div><!-- close content main div --><\/div><\/div><div id='av_section_1' class='avia-section main_color avia-section-default avia-no-shadow avia-bg-style-scroll   container_wrap sidebar_right' style = 'background-color: #f0f2f5; '  ><div class='container' ><div class='template-page content  av-content-small alpha units'><div class='post-entry post-entry-type-page post-entry-4875'><div class='entry-content-wrapper clearfix'>\n<div class=\"flex_column av_one_fourth  flex_column_div av-zero-column-padding first  \" style='background-color:#ffffff; border-radius:0px; '><p><div class='avia-image-container  av-styling-    avia-align-center '  itemprop=\"ImageObject\" itemscope=\"itemscope\" itemtype=\"https:\/\/schema.org\/ImageObject\"  ><div class='avia-image-container-inner'><a href=\"https:\/\/www.tanexlabel.com\/wp-content\/uploads\/2018\/08\/TW-2000-01.jpg\" class='avia_image'   data-rel=\"lightbox-image-0\" data-rl_title=\"\" data-rl_caption=\"\"><img class='avia_image ' src='https:\/\/www.tanexlabel.com\/wp-content\/uploads\/2018\/08\/TW-2000-01-300x236.jpg' alt='' title=''  itemprop=\"thumbnailUrl\"  \/><\/a><\/div><\/div><br \/>\n<section class=\"av_textblock_section \"  itemscope=\"itemscope\" itemtype=\"https:\/\/schema.org\/CreativeWork\" ><div class='avia_textblock  '   itemprop=\"text\" ><h4 style=\"text-align: center;\"><strong>REF NO : TW-2000<\/strong><\/h4>\n<p style=\"text-align: center;\"><strong>KU\u015eE LAZER ET\u0130KET<\/strong><\/p>\n<p style=\"text-align: center;\"><strong>\u00d6l\u00e7\u00fc : 210&#215;297 mm<\/strong><\/p>\n<p style=\"text-align: center;\"><strong>100 Etiket \/ 1 Paket<\/strong><\/p>\n<\/div><\/section><\/p><\/div><div class=\"flex_column av_one_fourth  flex_column_div av-zero-column-padding   \" style='background-color:#ffffff; border-radius:0px; '><p><div class='avia-image-container  av-styling-    avia-align-center '  itemprop=\"ImageObject\" itemscope=\"itemscope\" itemtype=\"https:\/\/schema.org\/ImageObject\"  ><div class='avia-image-container-inner'><a href=\"https:\/\/www.tanexlabel.com\/wp-content\/uploads\/2018\/08\/TW-2048-01.jpg\" class='avia_image'   data-rel=\"lightbox-image-1\" data-rl_title=\"\" data-rl_caption=\"\"><img class='avia_image ' src='https:\/\/www.tanexlabel.com\/wp-content\/uploads\/2018\/08\/TW-2048-01-300x236.jpg' alt='' title=''  itemprop=\"thumbnailUrl\"  \/><\/a><\/div><\/div><br \/>\n<section class=\"av_textblock_section \"  itemscope=\"itemscope\" itemtype=\"https:\/\/schema.org\/CreativeWork\" ><div class='avia_textblock  '   itemprop=\"text\" ><h4 style=\"text-align: center;\"><strong>REF NO : TW-2048<\/strong><\/h4>\n<p style=\"text-align: center;\"><strong>KU\u015eE LAZER ET\u0130KET<\/strong><\/p>\n<p style=\"text-align: center;\"><strong>\u00d6l\u00e7\u00fc : 32&#215;32<\/strong><strong>\u00a0mm<\/strong><\/p>\n<p style=\"text-align: center;\"><strong>4800 Etiket\/ 1 Paket<\/strong><\/p>\n<\/div><\/section><\/p><\/div><div class=\"flex_column av_one_fourth  flex_column_div av-zero-column-padding   \" style='background-color:#ffffff; border-radius:0px; '><p><div class='avia-image-container  av-styling-    avia-align-center '  itemprop=\"ImageObject\" itemscope=\"itemscope\" itemtype=\"https:\/\/schema.org\/ImageObject\"  ><div class='avia-image-container-inner'><a href=\"https:\/\/www.tanexlabel.com\/wp-content\/uploads\/2018\/08\/TW-2016-01.jpg\" class='avia_image'   data-rel=\"lightbox-image-2\" data-rl_title=\"\" data-rl_caption=\"\"><img class='avia_image ' src='https:\/\/www.tanexlabel.com\/wp-content\/uploads\/2018\/08\/TW-2016-01-300x236.jpg' alt='' title=''  itemprop=\"thumbnailUrl\"  \/><\/a><\/div><\/div><br \/>\n<section class=\"av_textblock_section \"  itemscope=\"itemscope\" itemtype=\"https:\/\/schema.org\/CreativeWork\" ><div class='avia_textblock  '   itemprop=\"text\" ><h4 style=\"text-align: center;\"><strong>REF NO : TW-2016<\/strong><\/h4>\n<p style=\"text-align: center;\"><strong>KU\u015eE LAZER ET\u0130KETi<\/strong><\/p>\n<p style=\"text-align: center;\"><strong>\u00d6l\u00e7\u00fc : 99.1&#215;34 mm<\/strong><\/p>\n<p style=\"text-align: center;\"><strong>1600 Etiket \/ 1 Paket<\/strong><\/p>\n<\/div><\/section><\/p><\/div><div class=\"flex_column av_one_fourth  flex_column_div av-zero-column-padding   \" style='background-color:#ffffff; border-radius:0px; '><p><div class='avia-image-container  av-styling-    avia-align-center '  itemprop=\"ImageObject\" itemscope=\"itemscope\" itemtype=\"https:\/\/schema.org\/ImageObject\"  ><div class='avia-image-container-inner'><a href=\"https:\/\/www.tanexlabel.com\/wp-content\/uploads\/2018\/08\/TW-2001-01.jpg\" class='avia_image'   data-rel=\"lightbox-image-3\" data-rl_title=\"\" data-rl_caption=\"\"><img class='avia_image ' src='https:\/\/www.tanexlabel.com\/wp-content\/uploads\/2018\/08\/TW-2001-01-300x236.jpg' alt='' title=''  itemprop=\"thumbnailUrl\"  \/><\/a><\/div><\/div><br \/>\n<section class=\"av_textblock_section \"  itemscope=\"itemscope\" itemtype=\"https:\/\/schema.org\/CreativeWork\" ><div class='avia_textblock  '   itemprop=\"text\" ><h4 style=\"text-align: center;\"><strong>REF NO : TW-2001<\/strong><\/h4>\n<p style=\"text-align: center;\"><strong>KU\u015eE LAZER ET\u0130KET\u0130<\/strong><\/p>\n<p style=\"text-align: center;\"><strong>\u00d6l\u00e7\u00fc : 199.6&#215;289.1 mm<\/strong><\/p>\n<p style=\"text-align: center;\"><strong>100 Etiket \/ 1 Paket<\/strong><\/p>\n<\/div><\/section><\/p><\/div><div class=\"flex_column av_one_fourth  flex_column_div av-zero-column-padding first  \" style='background-color:#ffffff; border-radius:0px; '><p><div class='avia-image-container  av-styling-    avia-align-center '  itemprop=\"ImageObject\" itemscope=\"itemscope\" itemtype=\"https:\/\/schema.org\/ImageObject\"  ><div class='avia-image-container-inner'><a href=\"https:\/\/www.tanexlabel.com\/wp-content\/uploads\/2018\/08\/TW-2010-01.jpg\" class='avia_image'   data-rel=\"lightbox-image-4\" data-rl_title=\"\" data-rl_caption=\"\"><img class='avia_image ' src='https:\/\/www.tanexlabel.com\/wp-content\/uploads\/2018\/08\/TW-2010-01-300x236.jpg' alt='' title=''  itemprop=\"thumbnailUrl\"  \/><\/a><\/div><\/div><br \/>\n<section class=\"av_textblock_section \"  itemscope=\"itemscope\" itemtype=\"https:\/\/schema.org\/CreativeWork\" ><div class='avia_textblock  '   itemprop=\"text\" ><h4 style=\"text-align: center;\"><strong>REF NO : TW-2010<\/strong><\/h4>\n<p style=\"text-align: center;\"><strong>KU\u015eE LAZER ET\u0130KET\u0130<\/strong><\/p>\n<p style=\"text-align: center;\"><strong>\u00d6l\u00e7\u00fc : 99.06&#215;57 mm<\/strong><\/p>\n<p style=\"text-align: center;\"><strong>1000 Etiket \/ 1 Paket<\/strong><\/p>\n<\/div><\/section><\/p><\/div><div class=\"flex_column av_one_fourth  flex_column_div av-zero-column-padding   \" style='background-color:#ffffff; border-radius:0px; '><p><div class='avia-image-container  av-styling-    avia-align-center '  itemprop=\"ImageObject\" itemscope=\"itemscope\" itemtype=\"https:\/\/schema.org\/ImageObject\"  ><div class='avia-image-container-inner'><a href=\"https:\/\/www.tanexlabel.com\/wp-content\/uploads\/2018\/08\/TW-2008-01.jpg\" class='avia_image'   data-rel=\"lightbox-image-5\" data-rl_title=\"\" data-rl_caption=\"\"><img class='avia_image ' src='https:\/\/www.tanexlabel.com\/wp-content\/uploads\/2018\/08\/TW-2008-01-300x236.jpg' alt='' title=''  itemprop=\"thumbnailUrl\"  \/><\/a><\/div><\/div><br \/>\n<section class=\"av_textblock_section \"  itemscope=\"itemscope\" itemtype=\"https:\/\/schema.org\/CreativeWork\" ><div class='avia_textblock  '   itemprop=\"text\" ><h4 style=\"text-align: center;\"><strong>REF NO : TW-2008<\/strong><\/h4>\n<p style=\"text-align: center;\"><strong>KU\u015eE LAZER ET\u0130KET\u0130<\/strong><\/p>\n<p style=\"text-align: center;\"><strong>\u00d6l\u00e7\u00fc : 99.1&#215;67.7 mm<\/strong><\/p>\n<p style=\"text-align: center;\"><strong>800 Etiket \/ 1 Paket<\/strong><\/p>\n<\/div><\/section><\/p><\/div><div class=\"flex_column av_one_fourth  flex_column_div av-zero-column-padding   \" style='background-color:#ffffff; border-radius:0px; '><p><div class='avia-image-container  av-styling-    avia-align-center '  itemprop=\"ImageObject\" itemscope=\"itemscope\" itemtype=\"https:\/\/schema.org\/ImageObject\"  ><div class='avia-image-container-inner'><a href=\"https:\/\/www.tanexlabel.com\/wp-content\/uploads\/2018\/08\/TW-2021-01.jpg\" class='avia_image'   data-rel=\"lightbox-image-6\" data-rl_title=\"\" data-rl_caption=\"\"><img class='avia_image ' src='https:\/\/www.tanexlabel.com\/wp-content\/uploads\/2018\/08\/TW-2021-01-300x236.jpg' alt='' title=''  itemprop=\"thumbnailUrl\"  \/><\/a><\/div><\/div><br \/>\n<section class=\"av_textblock_section \"  itemscope=\"itemscope\" itemtype=\"https:\/\/schema.org\/CreativeWork\" ><div class='avia_textblock  '   itemprop=\"text\" ><h4 style=\"text-align: center;\"><strong>REF NO : TW-2021<\/strong><\/h4>\n<p style=\"text-align: center;\"><strong>KU\u015eE LAZER ET\u0130KET\u0130<\/strong><\/p>\n<p style=\"text-align: center;\"><strong>\u00d6l\u00e7\u00fc : 63.5&#215;38.1 mm<\/strong><\/p>\n<p style=\"text-align: center;\"><strong>2100 Etiket \/ 1 Paket<\/strong><\/p>\n<\/div><\/section><\/p><\/div><div class=\"flex_column av_one_fourth  flex_column_div av-zero-column-padding   \" style='background-color:#ffffff; border-radius:0px; '><p><div class='avia-image-container  av-styling-    avia-align-center '  itemprop=\"ImageObject\" itemscope=\"itemscope\" itemtype=\"https:\/\/schema.org\/ImageObject\"  ><div class='avia-image-container-inner'><a href=\"https:\/\/www.tanexlabel.com\/wp-content\/uploads\/2018\/08\/TW-2002-01.jpg\" class='avia_image'   data-rel=\"lightbox-image-7\" data-rl_title=\"\" data-rl_caption=\"\"><img class='avia_image ' src='https:\/\/www.tanexlabel.com\/wp-content\/uploads\/2018\/08\/TW-2002-01-300x236.jpg' alt='' title=''  itemprop=\"thumbnailUrl\"  \/><\/a><\/div><\/div><br \/>\n<section class=\"av_textblock_section \"  itemscope=\"itemscope\" itemtype=\"https:\/\/schema.org\/CreativeWork\" ><div class='avia_textblock  '   itemprop=\"text\" ><h4 style=\"text-align: center;\"><strong>REF NO : TW-2002<\/strong><\/h4>\n<p style=\"text-align: center;\"><strong>KU\u015eE LAZER ET\u0130KET\u0130<\/strong><\/p>\n<p style=\"text-align: center;\"><strong>\u00d6l\u00e7\u00fc : 199.6&#215;143.5 mm<\/strong><\/p>\n<p style=\"text-align: center;\"><strong>200 Etiket \/ 1 Paket<\/strong><\/p>\n<\/div><\/section><\/p><\/div><div class=\"flex_column av_one_fourth  flex_column_div av-zero-column-padding first  \" style='background-color:#ffffff; border-radius:0px; '><p><div class='avia-image-container  av-styling-    avia-align-center '  itemprop=\"ImageObject\" itemscope=\"itemscope\" itemtype=\"https:\/\/schema.org\/ImageObject\"  ><div class='avia-image-container-inner'><a href=\"https:\/\/www.tanexlabel.com\/wp-content\/uploads\/2018\/08\/TW-2040-01.jpg\" class='avia_image'   data-rel=\"lightbox-image-8\" data-rl_title=\"\" data-rl_caption=\"\"><img class='avia_image ' src='https:\/\/www.tanexlabel.com\/wp-content\/uploads\/2018\/08\/TW-2040-01-300x236.jpg' alt='' title=''  itemprop=\"thumbnailUrl\"  \/><\/a><\/div><\/div><br \/>\n<section class=\"av_textblock_section \"  itemscope=\"itemscope\" itemtype=\"https:\/\/schema.org\/CreativeWork\" ><div class='avia_textblock  '   itemprop=\"text\" ><h4 style=\"text-align: center;\"><strong>REF NO : TW-2040<\/strong><\/h4>\n<p style=\"text-align: center;\"><strong>KU\u015eE LAZER ET\u0130KET\u0130<\/strong><\/p>\n<p style=\"text-align: center;\"><strong>\u00d6l\u00e7\u00fc : 52.5&#215;29.7 mm<\/strong><\/p>\n<p style=\"text-align: center;\"><strong>4000 Etiket \/ 1 Paket<\/strong><\/p>\n<\/div><\/section><\/p><\/div><div class=\"flex_column av_one_fourth  flex_column_div av-zero-column-padding   \" style='background-color:#ffffff; border-radius:0px; '><p><div class='avia-image-container  av-styling-    avia-align-center '  itemprop=\"ImageObject\" itemscope=\"itemscope\" itemtype=\"https:\/\/schema.org\/ImageObject\"  ><div class='avia-image-container-inner'><a href=\"https:\/\/www.tanexlabel.com\/wp-content\/uploads\/2018\/08\/TW-2065-01.jpg\" class='avia_image'   data-rel=\"lightbox-image-9\" data-rl_title=\"\" data-rl_caption=\"\"><img class='avia_image ' src='https:\/\/www.tanexlabel.com\/wp-content\/uploads\/2018\/08\/TW-2065-01-300x236.jpg' alt='' title=''  itemprop=\"thumbnailUrl\"  \/><\/a><\/div><\/div><br \/>\n<section class=\"av_textblock_section \"  itemscope=\"itemscope\" itemtype=\"https:\/\/schema.org\/CreativeWork\" ><div class='avia_textblock  '   itemprop=\"text\" ><h4 style=\"text-align: center;\"><strong>REF NO : TW-2065<\/strong><\/h4>\n<p style=\"text-align: center;\"><strong>KU\u015eE LAZER ET\u0130KET\u0130<\/strong><\/p>\n<p style=\"text-align: center;\"><strong>\u00d6l\u00e7\u00fc : 38.1&#215;21.2 mm<\/strong><\/p>\n<p style=\"text-align: center;\"><strong>6500 Etiket \/ 1 Paket<\/strong><\/p>\n<\/div><\/section><\/p><\/div><\/div><\/div><\/div><!-- close content main div --><\/div><\/div><div id='after_section_1' class='main_color av_default_container_wrap container_wrap sidebar_right'   ><div class='container' ><div class='template-page content  av-content-small alpha units'><div class='post-entry post-entry-type-page post-entry-4875'><div class='entry-content-wrapper clearfix'>\n","protected":false},"excerpt":{"rendered":"","protected":false},"author":2,"featured_media":0,"parent":4851,"menu_order":1,"comment_status":"closed","ping_status":"closed","template":"","meta":[],"_links":{"self":[{"href":"https:\/\/www.tanexlabel.com\/en\/wp-json\/wp\/v2\/pages\/4875"}],"collection":[{"href":"https:\/\/www.tanexlabel.com\/en\/wp-json\/wp\/v2\/pages"}],"about":[{"href":"https:\/\/www.tanexlabel.com\/en\/wp-json\/wp\/v2\/types\/page"}],"author":[{"embeddable":true,"href":"https:\/\/www.tanexlabel.com\/en\/wp-json\/wp\/v2\/users\/2"}],"replies":[{"embeddable":true,"href":"https:\/\/www.tanexlabel.com\/en\/wp-json\/wp\/v2\/comments?post=4875"}],"version-history":[{"count":2,"href":"https:\/\/www.tanexlabel.com\/en\/wp-json\/wp\/v2\/pages\/4875\/revisions"}],"predecessor-version":[{"id":4877,"href":"https:\/\/www.tanexlabel.com\/en\/wp-json\/wp\/v2\/pages\/4875\/revisions\/4877"}],"up":[{"embeddable":true,"href":"https:\/\/www.tanexlabel.com\/en\/wp-json\/wp\/v2\/pages\/4851"}],"wp:attachment":[{"href":"https:\/\/www.tanexlabel.com\/en\/wp-json\/wp\/v2\/media?parent=4875"}],"curies":[{"name":"wp","href":"https:\/\/api.w.org\/{rel}","templated":true}]}}