{"id":4863,"date":"2020-03-14T11:56:45","date_gmt":"2020-03-14T08:56:45","guid":{"rendered":"https:\/\/www.tanexlabel.com\/en\/?page_id=4863"},"modified":"2020-03-14T12:01:18","modified_gmt":"2020-03-14T09:01:18","slug":"silver-labels","status":"publish","type":"page","link":"https:\/\/www.tanexlabel.com\/en\/labels\/silver-labels\/","title":{"rendered":"SILVER LABELS"},"content":{"rendered":"<\/div><\/div><\/div><!-- close content main div --><\/div><\/div><div id='av_section_1' class='avia-section main_color avia-section-default avia-no-shadow avia-bg-style-scroll   container_wrap sidebar_right' style = 'background-color: #f0f2f5; '  ><div class='container' ><div class='template-page content  av-content-small alpha units'><div class='post-entry post-entry-type-page post-entry-4863'><div class='entry-content-wrapper clearfix'>\n<div class=\"flex_column av_one_fourth  flex_column_div av-zero-column-padding first  \" style='background-color:#ffffff; border-radius:0px; '><p><div class='avia-image-container  av-styling-    avia-align-center '  itemprop=\"ImageObject\" itemscope=\"itemscope\" itemtype=\"https:\/\/schema.org\/ImageObject\"  ><div class='avia-image-container-inner'><a href='https:\/\/www.tanexlabel.com\/etiketler\/gumus-etiketler\/gumus-etiket-tw-2000\/' class='avia_image'  ><img class='avia_image ' src='https:\/\/www.tanexlabel.com\/wp-content\/uploads\/2018\/08\/TW-2000-01-1-300x236.jpg' alt='' title='TW-2000-01'  itemprop=\"thumbnailUrl\"  \/><\/a><\/div><\/div><br \/>\n<section class=\"av_textblock_section \"  itemscope=\"itemscope\" itemtype=\"https:\/\/schema.org\/CreativeWork\" ><div class='avia_textblock  '   itemprop=\"text\" ><h4 style=\"text-align: center;\"><strong>REF NO : TW-2000<\/strong><\/h4>\n<p style=\"text-align: center;\"><strong>A4 SILVER LASER LABEL<\/strong><\/p>\n<p style=\"text-align: center;\"><strong>\u00d6l\u00e7\u00fc : 210&#215;297 mm<\/strong><\/p>\n<p style=\"text-align: center;\"><strong>25 Etiket \/ 1 Paket<\/strong><\/p>\n<\/div><\/section><\/p><\/div><div class=\"flex_column av_one_fourth  flex_column_div av-zero-column-padding   \" style='background-color:#ffffff; border-radius:0px; '><p><div class='avia-image-container  av-styling-    avia-align-center '  itemprop=\"ImageObject\" itemscope=\"itemscope\" itemtype=\"https:\/\/schema.org\/ImageObject\"  ><div class='avia-image-container-inner'><a href='https:\/\/www.tanexlabel.com\/etiketler\/gumus-etiketler\/gumus-etiket-tw-2014\/' class='avia_image'  ><img class='avia_image ' src='https:\/\/www.tanexlabel.com\/wp-content\/uploads\/2018\/08\/TW-2014-01-1-300x236.jpg' alt='' title='TW-2014-01'  itemprop=\"thumbnailUrl\"  \/><\/a><\/div><\/div><br \/>\n<section class=\"av_textblock_section \"  itemscope=\"itemscope\" itemtype=\"https:\/\/schema.org\/CreativeWork\" ><div class='avia_textblock  '   itemprop=\"text\" ><h4 style=\"text-align: center;\"><strong>REF NO : TW-2014<\/strong><\/h4>\n<p style=\"text-align: center;\"><strong>A4 SILVER LASER LABEL<\/strong><\/p>\n<p style=\"text-align: center;\"><strong>\u00d6l\u00e7\u00fc : 99.1&#215;38.1<\/strong><strong>\u00a0mm<\/strong><\/p>\n<p style=\"text-align: center;\"><strong>350 Etiket\/ 1 Paket<\/strong><\/p>\n<\/div><\/section><\/p><\/div><div class=\"flex_column av_one_fourth  flex_column_div av-zero-column-padding   \" style='background-color:#ffffff; border-radius:0px; '><p><div class='avia-image-container  av-styling-    avia-align-center '  itemprop=\"ImageObject\" itemscope=\"itemscope\" itemtype=\"https:\/\/schema.org\/ImageObject\"  ><div class='avia-image-container-inner'><a href='https:\/\/www.tanexlabel.com\/etiketler\/gumus-etiketler\/gumus-etiket-tw-2016\/' class='avia_image'  ><img class='avia_image ' src='https:\/\/www.tanexlabel.com\/wp-content\/uploads\/2018\/08\/TW-2016-01-1-300x236.jpg' alt='' title='TW-2016-01'  itemprop=\"thumbnailUrl\"  \/><\/a><\/div><\/div><br \/>\n<section class=\"av_textblock_section \"  itemscope=\"itemscope\" itemtype=\"https:\/\/schema.org\/CreativeWork\" ><div class='avia_textblock  '   itemprop=\"text\" ><h4 style=\"text-align: center;\"><strong>REF NO : TW-2016<\/strong><\/h4>\n<p style=\"text-align: center;\"><strong>A4 SILVER LASER LABEL<\/strong><\/p>\n<p style=\"text-align: center;\"><strong>\u00d6l\u00e7\u00fc : 99.1&#215;34 mm<\/strong><\/p>\n<p style=\"text-align: center;\"><strong>400 Etiket \/ 1 Paket<\/strong><\/p>\n<\/div><\/section><\/p><\/div><div class=\"flex_column av_one_fourth  flex_column_div av-zero-column-padding   \" style='background-color:#ffffff; border-radius:0px; '><p><div class='avia-image-container  av-styling-    avia-align-center '  itemprop=\"ImageObject\" itemscope=\"itemscope\" itemtype=\"https:\/\/schema.org\/ImageObject\"  ><div class='avia-image-container-inner'><a href='https:\/\/www.tanexlabel.com\/etiketler\/gumus-etiketler\/gumus-etiket-tw-2021\/' class='avia_image'  ><img class='avia_image ' src='https:\/\/www.tanexlabel.com\/wp-content\/uploads\/2018\/08\/TW-2021-01-1-300x236.jpg' alt='' title='TW-2021-01'  itemprop=\"thumbnailUrl\"  \/><\/a><\/div><\/div><br \/>\n<section class=\"av_textblock_section \"  itemscope=\"itemscope\" itemtype=\"https:\/\/schema.org\/CreativeWork\" ><div class='avia_textblock  '   itemprop=\"text\" ><h4 style=\"text-align: center;\"><strong>REF NO : TW-2021<\/strong><\/h4>\n<p style=\"text-align: center;\"><strong>A4 SILVER LASER LABEL<\/strong><\/p>\n<p style=\"text-align: center;\"><strong>\u00d6l\u00e7\u00fc : 63.5&#215;38.1 mm<\/strong><\/p>\n<p style=\"text-align: center;\"><strong>525 Etiket \/ 1 Paket<\/strong><\/p>\n<\/div><\/section><\/p><\/div><div class=\"flex_column av_one_fourth  flex_column_div av-zero-column-padding first  \" style='background-color:#ffffff; border-radius:0px; '><p><div class='avia-image-container  av-styling-    avia-align-center '  itemprop=\"ImageObject\" itemscope=\"itemscope\" itemtype=\"https:\/\/schema.org\/ImageObject\"  ><div class='avia-image-container-inner'><a href='https:\/\/www.tanexlabel.com\/etiketler\/gumus-etiketler\/gumus-etiket-tw-2024\/' class='avia_image'  ><img class='avia_image ' src='https:\/\/www.tanexlabel.com\/wp-content\/uploads\/2018\/08\/TW-2024-01-1-300x236.jpg' alt='' title='TW-2024-01'  itemprop=\"thumbnailUrl\"  \/><\/a><\/div><\/div><br \/>\n<section class=\"av_textblock_section \"  itemscope=\"itemscope\" itemtype=\"https:\/\/schema.org\/CreativeWork\" ><div class='avia_textblock  '   itemprop=\"text\" ><h4 style=\"text-align: center;\"><strong>REF NO : TW-2024<\/strong><\/h4>\n<p style=\"text-align: center;\"><strong>A4 SILVER LASER LABEL<\/strong><\/p>\n<p style=\"text-align: center;\"><strong>\u00d6l\u00e7\u00fc : 64&#215;34 mm<\/strong><\/p>\n<p style=\"text-align: center;\"><strong>600 Etiket \/ 1 Paket<\/strong><\/p>\n<\/div><\/section><\/p><\/div><div class=\"flex_column av_one_fourth  flex_column_div av-zero-column-padding   \" style='background-color:#ffffff; border-radius:0px; '><p><div class='avia-image-container  av-styling-    avia-align-center '  itemprop=\"ImageObject\" itemscope=\"itemscope\" itemtype=\"https:\/\/schema.org\/ImageObject\"  ><div class='avia-image-container-inner'><a href='https:\/\/www.tanexlabel.com\/etiketler\/gumus-etiketler\/gumus-etiket-tw-2033\/' class='avia_image'  ><img class='avia_image ' src='https:\/\/www.tanexlabel.com\/wp-content\/uploads\/2018\/08\/TW-2033-01-1-300x236.jpg' alt='' title='TW-2033-01'  itemprop=\"thumbnailUrl\"  \/><\/a><\/div><\/div><br \/>\n<section class=\"av_textblock_section \"  itemscope=\"itemscope\" itemtype=\"https:\/\/schema.org\/CreativeWork\" ><div class='avia_textblock  '   itemprop=\"text\" ><h4 style=\"text-align: center;\"><strong>REF NO : TW-2033<\/strong><\/h4>\n<p style=\"text-align: center;\"><strong>A4 SILVER LASER LABEL<\/strong><\/p>\n<p style=\"text-align: center;\"><strong>\u00d6l\u00e7\u00fc : 63.5&#215;25.4 mm<\/strong><\/p>\n<p style=\"text-align: center;\"><strong>825 Etiket \/ 1 Paket<\/strong><\/p>\n<\/div><\/section><\/p><\/div><div class=\"flex_column av_one_fourth  flex_column_div av-zero-column-padding   \" style='background-color:#ffffff; border-radius:0px; '><p><div class='avia-image-container  av-styling-    avia-align-center '  itemprop=\"ImageObject\" itemscope=\"itemscope\" itemtype=\"https:\/\/schema.org\/ImageObject\"  ><div class='avia-image-container-inner'><a href='https:\/\/www.tanexlabel.com\/etiketler\/gumus-etiketler\/gumus-etiket-tw-2037\/' class='avia_image'  ><img class='avia_image ' src='https:\/\/www.tanexlabel.com\/wp-content\/uploads\/2018\/08\/TW-2037-01-1-300x236.jpg' alt='' title='TW-2037-01'  itemprop=\"thumbnailUrl\"  \/><\/a><\/div><\/div><br \/>\n<section class=\"av_textblock_section \"  itemscope=\"itemscope\" itemtype=\"https:\/\/schema.org\/CreativeWork\" ><div class='avia_textblock  '   itemprop=\"text\" ><h4 style=\"text-align: center;\"><strong>REF NO : TW-2037<\/strong><\/h4>\n<p style=\"text-align: center;\"><strong>A4 SILVER LASER LABEL<\/strong><\/p>\n<p style=\"text-align: center;\"><strong>\u00d6l\u00e7\u00fc : 70&#215;37.125 mm<\/strong><\/p>\n<p style=\"text-align: center;\"><strong>600 Etiket \/ 1 Paket<\/strong><\/p>\n<\/div><\/section><\/p><\/div><div class=\"flex_column av_one_fourth  flex_column_div av-zero-column-padding   \" style='background-color:#ffffff; border-radius:0px; '><p><div class='avia-image-container  av-styling-    avia-align-center '  itemprop=\"ImageObject\" itemscope=\"itemscope\" itemtype=\"https:\/\/schema.org\/ImageObject\"  ><div class='avia-image-container-inner'><a href='https:\/\/www.tanexlabel.com\/etiketler\/gumus-etiketler\/gumus-etiket-tw-2044\/' class='avia_image'  ><img class='avia_image ' src='https:\/\/www.tanexlabel.com\/wp-content\/uploads\/2018\/08\/TW-2044-01-1-300x236.jpg' alt='' title='TW-2044-01'  itemprop=\"thumbnailUrl\"  \/><\/a><\/div><\/div><br \/>\n<section class=\"av_textblock_section \"  itemscope=\"itemscope\" itemtype=\"https:\/\/schema.org\/CreativeWork\" ><div class='avia_textblock  '   itemprop=\"text\" ><h4 style=\"text-align: center;\"><strong>REF NO : TW-2044<\/strong><\/h4>\n<p style=\"text-align: center;\"><strong>A4 SILVER LASER LABEL<\/strong><\/p>\n<p style=\"text-align: center;\"><strong>\u00d6l\u00e7\u00fc : 48.5&#215;25.4 mm<\/strong><\/p>\n<p style=\"text-align: center;\"><strong>1100 Etiket \/ 1 Paket<\/strong><\/p>\n<\/div><\/section><\/p><\/div><div class=\"flex_column av_one_fourth  flex_column_div av-zero-column-padding first  \" style='background-color:#ffffff; border-radius:0px; '><p><div class='avia-image-container  av-styling-    avia-align-center '  itemprop=\"ImageObject\" itemscope=\"itemscope\" itemtype=\"https:\/\/schema.org\/ImageObject\"  ><div class='avia-image-container-inner'><a href='https:\/\/www.tanexlabel.com\/etiketler\/gumus-etiketler\/gumus-etiket-tw-2065\/' class='avia_image'  ><img class='avia_image ' src='https:\/\/www.tanexlabel.com\/wp-content\/uploads\/2018\/08\/TW-2065-01-1-300x236.jpg' alt='' title='TW-2065-01'  itemprop=\"thumbnailUrl\"  \/><\/a><\/div><\/div><br \/>\n<section class=\"av_textblock_section \"  itemscope=\"itemscope\" itemtype=\"https:\/\/schema.org\/CreativeWork\" ><div class='avia_textblock  '   itemprop=\"text\" ><h4 style=\"text-align: center;\"><strong>REF NO : TW-2065<\/strong><\/h4>\n<p style=\"text-align: center;\"><strong>A4 SILVER LASER LABEL<\/strong><\/p>\n<p style=\"text-align: center;\"><strong>\u00d6l\u00e7\u00fc : 38.1&#215;21.2 mm<\/strong><\/p>\n<p style=\"text-align: center;\"><strong>\u00a01625 Etiket \/ 1 Paket<\/strong><\/p>\n<\/div><\/section><\/p><\/div><div class=\"flex_column av_one_fourth  flex_column_div av-zero-column-padding   \" style='background-color:#ffffff; border-radius:0px; '><p><div class='avia-image-container  av-styling-    avia-align-center '  itemprop=\"ImageObject\" itemscope=\"itemscope\" itemtype=\"https:\/\/schema.org\/ImageObject\"  ><div class='avia-image-container-inner'><a href='https:\/\/www.tanexlabel.com\/etiketler\/gumus-etiketler\/gumus-etiket-tw-2102\/' class='avia_image'  ><img class='avia_image ' src='https:\/\/www.tanexlabel.com\/wp-content\/uploads\/2018\/08\/TW-2102-01-1-300x236.jpg' alt='' title='TW-2102-01'  itemprop=\"thumbnailUrl\"  \/><\/a><\/div><\/div><br \/>\n<section class=\"av_textblock_section \"  itemscope=\"itemscope\" itemtype=\"https:\/\/schema.org\/CreativeWork\" ><div class='avia_textblock  '   itemprop=\"text\" ><h4 style=\"text-align: center;\"><strong>REF NO : TW-2102<\/strong><\/h4>\n<p style=\"text-align: center;\"><strong>A4 SILVER LASER LABEL<\/strong><\/p>\n<p style=\"text-align: center;\"><strong>\u00d6l\u00e7\u00fc : 210&#215;148.5 mm<\/strong><\/p>\n<p style=\"text-align: center;\"><strong>50 Etiket \/ 1 Paket<\/strong><\/p>\n<\/div><\/section><\/p><\/div><div class=\"flex_column av_one_fourth  flex_column_div av-zero-column-padding   \" style='background-color:#ffffff; border-radius:0px; '><p><div class='avia-image-container  av-styling-    avia-align-center '  itemprop=\"ImageObject\" itemscope=\"itemscope\" itemtype=\"https:\/\/schema.org\/ImageObject\"  ><div class='avia-image-container-inner'><a href='https:\/\/www.tanexlabel.com\/etiketler\/gumus-etiketler\/gumus-etiket-tw-2270\/' class='avia_image'  ><img class='avia_image ' src='https:\/\/www.tanexlabel.com\/wp-content\/uploads\/2018\/08\/TW-2270-01-1-300x236.jpg' alt='' title='TW-2270-01'  itemprop=\"thumbnailUrl\"  \/><\/a><\/div><\/div><br \/>\n<section class=\"av_textblock_section \"  itemscope=\"itemscope\" itemtype=\"https:\/\/schema.org\/CreativeWork\" ><div class='avia_textblock  '   itemprop=\"text\" ><h4 style=\"text-align: center;\"><strong>REF NO : TW-2270<\/strong><\/h4>\n<p style=\"text-align: center;\"><strong>A4 SILVER LASER LABEL<\/strong><\/p>\n<p style=\"text-align: center;\"><strong>\u00d6l\u00e7\u00fc : 40&#215;20 mm<\/strong><\/p>\n<p style=\"text-align: center;\"><strong>1750 Etiket \/ 1 Paket<\/strong><\/p>\n<\/div><\/section><\/p><\/div><div class=\"flex_column av_one_fourth  flex_column_div av-zero-column-padding   \" style='background-color:#ffffff; border-radius:0px; '><p><div class='avia-image-container  av-styling-    avia-align-center '  itemprop=\"ImageObject\" itemscope=\"itemscope\" itemtype=\"https:\/\/schema.org\/ImageObject\"  ><div class='avia-image-container-inner'><a href='https:\/\/www.tanexlabel.com\/etiketler\/gumus-etiketler\/gumus-etiket-tw-2280\/' class='avia_image'  ><img class='avia_image ' src='https:\/\/www.tanexlabel.com\/wp-content\/uploads\/2018\/08\/TW-2280-01-1-300x236.jpg' alt='' title='TW-2280-01'  itemprop=\"thumbnailUrl\"  \/><\/a><\/div><\/div><br \/>\n<section class=\"av_textblock_section \"  itemscope=\"itemscope\" itemtype=\"https:\/\/schema.org\/CreativeWork\" ><div class='avia_textblock  '   itemprop=\"text\" ><h4 style=\"text-align: center;\"><strong>REF NO : TW-2280<\/strong><\/h4>\n<p style=\"text-align: center;\"><strong>A4 SILVER LASER LABEL<\/strong><\/p>\n<p style=\"text-align: center;\"><strong>\u00d6l\u00e7\u00fc : 22&#215;12 mm<\/strong><\/p>\n<p style=\"text-align: center;\"><strong>4000 Etiket \/ 1 Paket<\/strong><\/p>\n<\/div><\/section><\/p><\/div><\/div><\/div><\/div><!-- close content main div --><\/div><\/div><div id='after_section_1' class='main_color av_default_container_wrap container_wrap sidebar_right'   ><div class='container' ><div class='template-page content  av-content-small alpha units'><div class='post-entry post-entry-type-page post-entry-4863'><div class='entry-content-wrapper clearfix'>\n","protected":false},"excerpt":{"rendered":"","protected":false},"author":2,"featured_media":0,"parent":4851,"menu_order":1,"comment_status":"closed","ping_status":"closed","template":"","meta":[],"_links":{"self":[{"href":"https:\/\/www.tanexlabel.com\/en\/wp-json\/wp\/v2\/pages\/4863"}],"collection":[{"href":"https:\/\/www.tanexlabel.com\/en\/wp-json\/wp\/v2\/pages"}],"about":[{"href":"https:\/\/www.tanexlabel.com\/en\/wp-json\/wp\/v2\/types\/page"}],"author":[{"embeddable":true,"href":"https:\/\/www.tanexlabel.com\/en\/wp-json\/wp\/v2\/users\/2"}],"replies":[{"embeddable":true,"href":"https:\/\/www.tanexlabel.com\/en\/wp-json\/wp\/v2\/comments?post=4863"}],"version-history":[{"count":3,"href":"https:\/\/www.tanexlabel.com\/en\/wp-json\/wp\/v2\/pages\/4863\/revisions"}],"predecessor-version":[{"id":4868,"href":"https:\/\/www.tanexlabel.com\/en\/wp-json\/wp\/v2\/pages\/4863\/revisions\/4868"}],"up":[{"embeddable":true,"href":"https:\/\/www.tanexlabel.com\/en\/wp-json\/wp\/v2\/pages\/4851"}],"wp:attachment":[{"href":"https:\/\/www.tanexlabel.com\/en\/wp-json\/wp\/v2\/media?parent=4863"}],"curies":[{"name":"wp","href":"https:\/\/api.w.org\/{rel}","templated":true}]}}