{"id":4389,"date":"2018-07-20T16:07:54","date_gmt":"2018-07-20T13:07:54","guid":{"rendered":"https:\/\/tanexlabel.com\/en\/fanatik-etiketler\/"},"modified":"2018-11-15T19:52:13","modified_gmt":"2018-11-15T16:52:13","slug":"fanatik-etiketler","status":"publish","type":"page","link":"https:\/\/www.tanexlabel.com\/en\/fanatik-etiketler\/","title":{"rendered":"FANAT\u0130K ET\u0130KETLER"},"content":{"rendered":"<div class=\"flex_column av_one_half  flex_column_div av-zero-column-padding first  \" style='border-radius:0px; '><p><div style='padding-bottom:10px;' class='av-special-heading av-special-heading-h3    '><h3 class='av-special-heading-tag '  itemprop=\"headline\"  >\u00c7ok Ama\u00e7l\u0131 Etiket<\/h3><div class='special-heading-border'><div class='special-heading-inner-border' ><\/div><\/div><\/div><br \/>\n<div class='avia-image-container  av-styling-    avia-align-center '  itemprop=\"ImageObject\" itemscope=\"itemscope\" itemtype=\"https:\/\/schema.org\/ImageObject\"  ><div class='avia-image-container-inner'><a href='https:\/\/www.tanexlabel.com\/fanatik-etiketler\/cok-amacli-etiket\/' class='avia_image'  ><img class='avia_image ' src='https:\/\/www.tanexlabel.com\/wp-content\/uploads\/2018\/09\/fanatik-etiketler.jpg' alt='' title='fanatik-etiketler'  itemprop=\"thumbnailUrl\"  \/><\/a><\/div><\/div><\/p><\/div><div class=\"flex_column av_one_half  flex_column_div av-zero-column-padding   \" style='border-radius:0px; '><p><div style='padding-bottom:10px;' class='av-special-heading av-special-heading-h3    '><h3 class='av-special-heading-tag '  itemprop=\"headline\"  >Taraftar \u00c7\u0131kartmalar\u0131<\/h3><div class='special-heading-border'><div class='special-heading-inner-border' ><\/div><\/div><\/div><br \/>\n<div class='avia-image-container  av-styling-    avia-align-center '  itemprop=\"ImageObject\" itemscope=\"itemscope\" itemtype=\"https:\/\/schema.org\/ImageObject\"  ><div class='avia-image-container-inner'><a href='https:\/\/www.tanexlabel.com\/fanatik-etiketler\/taraftar-cikartmalari\/' class='avia_image'  ><img class='avia_image ' src='https:\/\/www.tanexlabel.com\/wp-content\/uploads\/2018\/09\/fanatik-etiketler.jpg' alt='' title='fanatik-etiketler'  itemprop=\"thumbnailUrl\"  \/><\/a><\/div><\/div><\/p><\/div><\/p>\n","protected":false},"excerpt":{"rendered":"","protected":false},"author":1,"featured_media":0,"parent":0,"menu_order":6,"comment_status":"closed","ping_status":"closed","template":"","meta":[],"_links":{"self":[{"href":"https:\/\/www.tanexlabel.com\/en\/wp-json\/wp\/v2\/pages\/4389"}],"collection":[{"href":"https:\/\/www.tanexlabel.com\/en\/wp-json\/wp\/v2\/pages"}],"about":[{"href":"https:\/\/www.tanexlabel.com\/en\/wp-json\/wp\/v2\/types\/page"}],"author":[{"embeddable":true,"href":"https:\/\/www.tanexlabel.com\/en\/wp-json\/wp\/v2\/users\/1"}],"replies":[{"embeddable":true,"href":"https:\/\/www.tanexlabel.com\/en\/wp-json\/wp\/v2\/comments?post=4389"}],"version-history":[{"count":2,"href":"https:\/\/www.tanexlabel.com\/en\/wp-json\/wp\/v2\/pages\/4389\/revisions"}],"predecessor-version":[{"id":4391,"href":"https:\/\/www.tanexlabel.com\/en\/wp-json\/wp\/v2\/pages\/4389\/revisions\/4391"}],"wp:attachment":[{"href":"https:\/\/www.tanexlabel.com\/en\/wp-json\/wp\/v2\/media?parent=4389"}],"curies":[{"name":"wp","href":"https:\/\/api.w.org\/{rel}","templated":true}]}}